{"id":1271,"date":"2019-06-14T11:54:37","date_gmt":"2019-06-14T09:54:37","guid":{"rendered":"https:\/\/parcelledevie.fr\/producteur\/?page_id=1271"},"modified":"2019-06-15T13:55:10","modified_gmt":"2019-06-15T11:55:10","slug":"le-panier-arrivage","status":"publish","type":"page","link":"https:\/\/parcelledevie.fr\/producteur\/le-panier-de-saison\/le-panier-arrivage\/","title":{"rendered":"Le Panier &lsquo;Arrivage&rsquo;"},"content":{"rendered":"\n<p>Parcelle de vie vous propose d\u00e8s aujourd&rsquo;hui le panier &lsquo;<strong>Arrivage<\/strong>&lsquo;, compos\u00e9 des fruits et l\u00e9gumes du potager lorsque celui-ci <strong>produit g\u00e9n\u00e9reusement<\/strong>. <\/p>\n\n\n<div class=\"wp-block-button aligncenter\"><a class=\"wp-block-button__link has-background has-vivid-red-background-color\">Pas de panier Arrivage actuellement<br><\/a>\r\n<\/br>\r\n<\/div><a href=\"https:\/\/parcelledevie.fr\/producteur\/le-panier-de-saison\/le-panier-arrivage\/\"><img src=\"\/producteur\/wp-content\/uploads\/2019\/06\/brouette-de-l\u00e9gumes.jpg\" width=\"250\" alt=\"Panier Arrivage\" class=\"wp-image-602 aligncenter\"\/><\/a>\n\n\n<div id=\"form_notification\" align=\"center\">\r\n    <form action=\"\/producteur\/notification\" id=\"contact\" method=\"POST\">\r\n\t\t<div>\r\n            <!--<label for=\"email\"><strong>Etre averti si un panier 'Arrivage' est dispo<\/strong> <\/label>\r\n            <br \/><input id=\"email\" name=\"email\" type=\"email\" required placeholder=\"votre_email@toto.com\">\r\n\t\t\t<input id=\"notif_type\" name=\"notif_type\" type=\"text\" hidden value=\"1\">\r\n            <span id=\"msg_email\"><\/span>\r\n\t\t\t<input style=\"background-color:#99cc00;\" align=\"center\" type=\"submit\" value=\"Valider\" \/>-->\r\n        <\/div>\r\n    <\/form>\r\n    <span id=\"msg_all\"><\/span> \r\n\t<div id=\"validation panier\">\r\n\t\t\t\t<\/div\/>\r\n<\/div>\n\n\n\n<div style=\"height:20px\" aria-hidden=\"true\" class=\"wp-block-spacer\"><\/div>\n\n\n\n<p>Les paniers &lsquo;Arrivage&rsquo; sont g\u00e9n\u00e9ralement des <strong>paniers \u00e0 th\u00e8me<\/strong> compos\u00e9s des fruits et l\u00e9gumes du potager au moment o\u00f9 les plantes atteignent leur <strong>pic de production.<\/strong><\/p>\n\n\n\n<p>Vous pouvez alors en profiter pour faire vos <strong>pr\u00e9parations culinaires<\/strong> et vous laisser aller \u00e0 votre <strong>cr\u00e9ativit\u00e9<\/strong>! \ud83d\ude0f<\/p>\n\n\n\n<h2>Exemples de paniers &lsquo;Arrivage&rsquo; <\/h2>\n\n\n\n<ul><li><em>Panier Arrivage &lsquo;<strong>Ratatouille<\/strong>&lsquo;<\/em> : 3kg de tomates \ud83c\udf45, 3kg de courgettes, 2kg d&rsquo;aubergines \ud83c\udf46<\/li><li><em>Panier Arrivage &lsquo;<strong>Courgettes \u00e0 gogo&rsquo;<\/strong><\/em><strong> <\/strong>: 4kg de courgettes vertes , 4kg de courgettes jaunes.<\/li><li><em>Panier Arrivage &lsquo;<strong>Omelettes <\/strong>&lsquo;<\/em> : 12 \u0153ufs fermiers, 1kg de poireaux, 500g d&rsquo;oignons, 500g d&rsquo;ail.<\/li><li><em>Panier Arrivage &lsquo;<strong>100 patates<\/strong><\/em><strong> <\/strong>\ud83e\udd54 &lsquo; : 6 kg de pommes de terres parmi les vari\u00e9t\u00e9s cultiv\u00e9es. <\/li><li> <em>Panier Arrivage &lsquo;<strong>Par ici les gourmands<\/strong><\/em>&lsquo; : 1 gel\u00e9e de melon, 1 gel\u00e9e de m\u00fbres, 1 confiture de figues verte, 1 bouteille (75cl) d&rsquo;huile d&rsquo;olive.<\/li><li> <em>Panier Arrivage &lsquo;<strong>Fruits des bois<\/strong><\/em>&lsquo; : 500g de fraise, 200g de framboise, 1 gel\u00e9e de framboise. <\/li><li>Etc&#8230;<\/li><\/ul>\n\n\n\n<p>Un lien vers des id\u00e9es de recettes vous sera propos\u00e9, et vous pourrez aussi proposer la votre \ud83d\ude09<\/p>\n\n\n<div class=\"wp-block-button aligncenter\"><a class=\"wp-block-button__link has-background has-vivid-red-background-color\">Pas de panier Arrivage actuellement<br><\/a>\r\n<\/br>\r\n<\/div><a href=\"https:\/\/parcelledevie.fr\/producteur\/le-panier-de-saison\/le-panier-arrivage\/\"><img src=\"\/producteur\/wp-content\/uploads\/2019\/06\/brouette-de-l\u00e9gumes.jpg\" width=\"250\" alt=\"Panier Arrivage\" class=\"wp-image-602 aligncenter\"\/><\/a>\n\n\n<div id=\"form_notification\" align=\"center\">\r\n    <form action=\"\/producteur\/notification\" id=\"contact\" method=\"POST\">\r\n\t\t<div>\r\n            <!--<label for=\"email\"><strong>Etre averti si un panier 'Arrivage' est dispo<\/strong> <\/label>\r\n            <br \/><input id=\"email\" name=\"email\" type=\"email\" required placeholder=\"votre_email@toto.com\">\r\n\t\t\t<input id=\"notif_type\" name=\"notif_type\" type=\"text\" hidden value=\"1\">\r\n            <span id=\"msg_email\"><\/span>\r\n\t\t\t<input style=\"background-color:#99cc00;\" align=\"center\" type=\"submit\" value=\"Valider\" \/>-->\r\n        <\/div>\r\n    <\/form>\r\n    <span id=\"msg_all\"><\/span> \r\n\t<div id=\"validation panier\">\r\n\t\t\t\t<\/div\/>\r\n<\/div>\n","protected":false},"excerpt":{"rendered":"<p>Parcelle de vie vous propose d\u00e8s aujourd&rsquo;hui le panier &lsquo;Arrivage&lsquo;, compos\u00e9 des fruits et l\u00e9gumes du potager lorsque celui-ci produit g\u00e9n\u00e9reusement. Les paniers &lsquo;Arrivage&rsquo; sont g\u00e9n\u00e9ralement des paniers \u00e0 th\u00e8me compos\u00e9s des fruits et l\u00e9gumes du potager au moment o\u00f9 <a class=\"more-link\" href=\"https:\/\/parcelledevie.fr\/producteur\/le-panier-de-saison\/le-panier-arrivage\/\">Continuer la lecture <span class=\"screen-reader-text\">  Le Panier &lsquo;Arrivage&rsquo;<\/span><span class=\"meta-nav\">&rarr;<\/span><\/a><\/p>\n","protected":false},"author":1,"featured_media":0,"parent":5,"menu_order":0,"comment_status":"closed","ping_status":"closed","template":"","meta":[],"_links":{"self":[{"href":"https:\/\/parcelledevie.fr\/producteur\/wp-json\/wp\/v2\/pages\/1271"}],"collection":[{"href":"https:\/\/parcelledevie.fr\/producteur\/wp-json\/wp\/v2\/pages"}],"about":[{"href":"https:\/\/parcelledevie.fr\/producteur\/wp-json\/wp\/v2\/types\/page"}],"author":[{"embeddable":true,"href":"https:\/\/parcelledevie.fr\/producteur\/wp-json\/wp\/v2\/users\/1"}],"replies":[{"embeddable":true,"href":"https:\/\/parcelledevie.fr\/producteur\/wp-json\/wp\/v2\/comments?post=1271"}],"version-history":[{"count":5,"href":"https:\/\/parcelledevie.fr\/producteur\/wp-json\/wp\/v2\/pages\/1271\/revisions"}],"predecessor-version":[{"id":1322,"href":"https:\/\/parcelledevie.fr\/producteur\/wp-json\/wp\/v2\/pages\/1271\/revisions\/1322"}],"up":[{"embeddable":true,"href":"https:\/\/parcelledevie.fr\/producteur\/wp-json\/wp\/v2\/pages\/5"}],"wp:attachment":[{"href":"https:\/\/parcelledevie.fr\/producteur\/wp-json\/wp\/v2\/media?parent=1271"}],"curies":[{"name":"wp","href":"https:\/\/api.w.org\/{rel}","templated":true}]}}