{"id":258,"date":"2018-01-11T23:54:10","date_gmt":"2018-01-11T22:54:10","guid":{"rendered":"http:\/\/parcelledevie.fr\/site\/?page_id=258"},"modified":"2019-11-10T10:22:53","modified_gmt":"2019-11-10T09:22:53","slug":"epicerie","status":"publish","type":"page","link":"https:\/\/parcelledevie.fr\/producteur\/epicerie\/","title":{"rendered":"L&rsquo;\u00e9picerie"},"content":{"rendered":"<p>L&rsquo;\u00e9picerie de Parcelle de Vie vous propose son huile d&rsquo;olive, ses oeufs, ses confitures et gel\u00e9es, et ses aromates.<\/p>\n<p><img loading=\"lazy\" class=\"size-medium wp-image-421 aligncenter\" src=\"http:\/\/parcelledevie.fr\/producteur\/wp-content\/uploads\/2018\/04\/FB_IMG_1523262785711-300x169.jpg\" alt=\"\" width=\"300\" height=\"169\" srcset=\"https:\/\/parcelledevie.fr\/producteur\/wp-content\/uploads\/2018\/04\/FB_IMG_1523262785711-300x169.jpg 300w, https:\/\/parcelledevie.fr\/producteur\/wp-content\/uploads\/2018\/04\/FB_IMG_1523262785711-768x432.jpg 768w, https:\/\/parcelledevie.fr\/producteur\/wp-content\/uploads\/2018\/04\/FB_IMG_1523262785711.jpg 960w\" sizes=\"(max-width: 300px) 100vw, 300px\" \/><\/p>\n<p><img loading=\"lazy\" src=\"https:\/\/parcelledevie.fr\/producteur\/wp-content\/uploads\/2018\/04\/huile-icon.jpg\" width=\"30\" height=\"30&quot;\"> <a href=\"http:\/\/parcelledevie.fr\/producteur\/epicerie\/lhuile-dolive-de-la-propriete\/\">L&rsquo;Huile d&rsquo;Olive<\/a><\/p>\n<p><img src=\"https:\/\/parcelledevie.fr\/producteur\/wp-content\/uploads\/2018\/04\/oeuf-icon.jpg\" width=\"30\"> <a href=\"http:\/\/parcelledevie.fr\/producteur\/epicerie\/oeufs-fermiers\/\">Les Oeufs fermiers du poulailler <\/a><\/p>\n<p><img src=\"https:\/\/parcelledevie.fr\/producteur\/wp-content\/uploads\/2018\/04\/confiture-icon.jpg\" width=\"25\"> <a href=\"http:\/\/parcelledevie.fr\/producteur\/epicerie\/confiture-et-gelee-de-fruits-du-potager\/\">Les Confitures et gel\u00e9es du potager<\/a><\/p>\n<p><img src=\"https:\/\/parcelledevie.fr\/producteur\/wp-content\/uploads\/2019\/11\/aromates-icon.jpg\" width=\"30\"> <a href=\"http:\/\/parcelledevie.fr\/producteur\/epicerie\/les-aromates\/\">Les Aromates<\/a><\/p>\n","protected":false},"excerpt":{"rendered":"<p>L&rsquo;\u00e9picerie de Parcelle de Vie vous propose son huile d&rsquo;olive, ses oeufs, ses confitures et gel\u00e9es, et ses aromates. L&rsquo;Huile d&rsquo;Olive Les Oeufs fermiers du poulailler Les Confitures et gel\u00e9es du potager Les Aromates<\/p>\n","protected":false},"author":1,"featured_media":0,"parent":0,"menu_order":0,"comment_status":"closed","ping_status":"closed","template":"","meta":[],"_links":{"self":[{"href":"https:\/\/parcelledevie.fr\/producteur\/wp-json\/wp\/v2\/pages\/258"}],"collection":[{"href":"https:\/\/parcelledevie.fr\/producteur\/wp-json\/wp\/v2\/pages"}],"about":[{"href":"https:\/\/parcelledevie.fr\/producteur\/wp-json\/wp\/v2\/types\/page"}],"author":[{"embeddable":true,"href":"https:\/\/parcelledevie.fr\/producteur\/wp-json\/wp\/v2\/users\/1"}],"replies":[{"embeddable":true,"href":"https:\/\/parcelledevie.fr\/producteur\/wp-json\/wp\/v2\/comments?post=258"}],"version-history":[{"count":14,"href":"https:\/\/parcelledevie.fr\/producteur\/wp-json\/wp\/v2\/pages\/258\/revisions"}],"predecessor-version":[{"id":1777,"href":"https:\/\/parcelledevie.fr\/producteur\/wp-json\/wp\/v2\/pages\/258\/revisions\/1777"}],"wp:attachment":[{"href":"https:\/\/parcelledevie.fr\/producteur\/wp-json\/wp\/v2\/media?parent=258"}],"curies":[{"name":"wp","href":"https:\/\/api.w.org\/{rel}","templated":true}]}}