{"id":260,"date":"2018-01-11T23:53:50","date_gmt":"2018-01-11T22:53:50","guid":{"rendered":"http:\/\/parcelledevie.fr\/site\/?page_id=260"},"modified":"2020-12-15T10:14:54","modified_gmt":"2020-12-15T09:14:54","slug":"lhuile-dolive-de-la-propriete","status":"publish","type":"page","link":"https:\/\/parcelledevie.fr\/producteur\/epicerie\/lhuile-dolive-de-la-propriete\/","title":{"rendered":"L&rsquo;Huile d&rsquo;Olive de la propri\u00e9t\u00e9"},"content":{"rendered":"<p style=\"text-align: left;\"><img loading=\"lazy\" class=\"wp-image-261 aligncenter\" src=\"http:\/\/parcelledevie.fr\/producteur\/wp-content\/uploads\/2018\/01\/oliviers-300x225.jpg\" alt=\"\" width=\"437\" height=\"328\" srcset=\"https:\/\/parcelledevie.fr\/producteur\/wp-content\/uploads\/2018\/01\/oliviers-300x225.jpg 300w, https:\/\/parcelledevie.fr\/producteur\/wp-content\/uploads\/2018\/01\/oliviers-768x576.jpg 768w, https:\/\/parcelledevie.fr\/producteur\/wp-content\/uploads\/2018\/01\/oliviers.jpg 918w\" sizes=\"(max-width: 437px) 100vw, 437px\" \/>&nbsp;Je vous propose de d\u00e9guster l&rsquo;huile d&rsquo;olive de la propri\u00e9t\u00e9, ce nectar pr\u00e9cieux \u00e0 la couleur d&rsquo;or riches en propri\u00e9t\u00e9s <strong>anti-oxydantes<\/strong> excellentes pour la sant\u00e9!<\/p>\n<p>Notre huile est un m\u00e9lange exclusif de nos olives, apport\u00e9es au moulin en quantit\u00e9 suffisante pour avoir notre huile personnalis\u00e9e.<br>Obtenue avec une pr\u00e9dominance de vari\u00e9t\u00e9 &lsquo;brun&rsquo;, l&rsquo;olive d\u00e9veloppe sa <strong>douceur<\/strong> et son <strong>fruit\u00e9<\/strong>, parfaitement retranscrit dans son huile.<\/p>\n<p><img loading=\"lazy\" class=\"wp-image-372 aligncenter\" src=\"http:\/\/parcelledevie.fr\/producteur\/wp-content\/uploads\/2018\/01\/DSC_0016-300x169.jpg\" alt=\"\" width=\"477\" height=\"269\" srcset=\"https:\/\/parcelledevie.fr\/producteur\/wp-content\/uploads\/2018\/01\/DSC_0016-300x169.jpg 300w, https:\/\/parcelledevie.fr\/producteur\/wp-content\/uploads\/2018\/01\/DSC_0016-768x432.jpg 768w, https:\/\/parcelledevie.fr\/producteur\/wp-content\/uploads\/2018\/01\/DSC_0016-1024x576.jpg 1024w\" sizes=\"(max-width: 477px) 100vw, 477px\" \/><\/p>\n\n\n<h2>Les vertus de l&rsquo;Huile d&rsquo;Olive<\/h2>\n\n\n\n<p>L&rsquo;<strong>huile d&rsquo;olive<\/strong> est excellente pour la sant\u00e9, en raison de sa richesse en om\u00e9ga-9, des acides gras mono-insatur\u00e9s. Leur consommation est associ\u00e9e \u00e0 une diminution du risque de maladies cardiovasculaires et \u00e0 une baisse des taux de cholest\u00e9rol total et cholest\u00e9rol- LDL (\u201cmauvais\u201d cholest\u00e9rol) dans le sang.<\/p>\n\n\n\n<h2>Les applications<\/h2>\n\n\n\n<p>Riche en antioxydants, l&rsquo;<strong>huile d&rsquo;olive<\/strong> prot\u00e8ge et nourrit les <strong>peaux<\/strong> matures et dess\u00e9ch\u00e9es, mais elle convient aussi \u00e0 tous les types de <strong>peaux<\/strong>. On l&rsquo;aime aussi <strong>pour<\/strong> le soin des cheveux et du cuir chevelu. <br><br>L&rsquo;<strong>huile d&rsquo;olive<\/strong> permet de diminuer certaines cicatrices cutan\u00e9es et de pr\u00e9venir le vieillissement et l&rsquo;apparition des rides, gr\u00e2ce \u00e0 sa richesse en vitamine E et acides gras essentiels.<\/p>\n\n\n\n<h2>Conservation<\/h2>\n\n\n\n<p>Les 2 grands ennemis de la conservation de l&rsquo;huile d&rsquo;olive sont l&rsquo;oxydation et la fermentation.<\/p>\n\n\n\n<h5>Pour Ralentir l&rsquo;oxydation<\/h5>\n\n\n\n<p>Pour ralentir l&rsquo;oxydation, l&rsquo;huile de Parcelle de Vie est stock\u00e9e dans un f\u00fbt en inox avec couvercle flottant, ce qui va mettre l&rsquo;huile sous vide en supprimant tout l&rsquo;air entre l&rsquo;huile et le couvercle.<\/p>\n\n\n\n<figure class=\"wp-container-2 wp-block-gallery-1 wp-block-gallery columns-2 is-cropped\"><ul class=\"blocks-gallery-grid\"><li class=\"blocks-gallery-item\"><figure><img loading=\"lazy\" width=\"1000\" height=\"1000\" src=\"https:\/\/parcelledevie.fr\/producteur\/wp-content\/uploads\/2020\/12\/cuxe-inox.jpg\" alt=\"\" data-id=\"2698\" data-full-url=\"https:\/\/parcelledevie.fr\/producteur\/wp-content\/uploads\/2020\/12\/cuxe-inox.jpg\" data-link=\"https:\/\/parcelledevie.fr\/producteur\/epicerie\/lhuile-dolive-de-la-propriete\/attachment\/cuxe-inox\/\" class=\"wp-image-2698\" srcset=\"https:\/\/parcelledevie.fr\/producteur\/wp-content\/uploads\/2020\/12\/cuxe-inox.jpg 1000w, https:\/\/parcelledevie.fr\/producteur\/wp-content\/uploads\/2020\/12\/cuxe-inox-300x300.jpg 300w, https:\/\/parcelledevie.fr\/producteur\/wp-content\/uploads\/2020\/12\/cuxe-inox-150x150.jpg 150w, https:\/\/parcelledevie.fr\/producteur\/wp-content\/uploads\/2020\/12\/cuxe-inox-768x768.jpg 768w, https:\/\/parcelledevie.fr\/producteur\/wp-content\/uploads\/2020\/12\/cuxe-inox-500x500.jpg 500w, https:\/\/parcelledevie.fr\/producteur\/wp-content\/uploads\/2020\/12\/cuxe-inox-400x400.jpg 400w\" sizes=\"(max-width: 1000px) 100vw, 1000px\" \/><figcaption class=\"blocks-gallery-item__caption\">Cuve inox<\/figcaption><\/figure><\/li><li class=\"blocks-gallery-item\"><figure><img loading=\"lazy\" width=\"320\" height=\"180\" src=\"https:\/\/parcelledevie.fr\/producteur\/wp-content\/uploads\/2020\/12\/chpeau-flottant.jpg\" alt=\"\" data-id=\"2699\" data-full-url=\"https:\/\/parcelledevie.fr\/producteur\/wp-content\/uploads\/2020\/12\/chpeau-flottant.jpg\" data-link=\"https:\/\/parcelledevie.fr\/producteur\/epicerie\/lhuile-dolive-de-la-propriete\/attachment\/chpeau-flottant\/\" class=\"wp-image-2699\" srcset=\"https:\/\/parcelledevie.fr\/producteur\/wp-content\/uploads\/2020\/12\/chpeau-flottant.jpg 320w, https:\/\/parcelledevie.fr\/producteur\/wp-content\/uploads\/2020\/12\/chpeau-flottant-300x169.jpg 300w\" sizes=\"(max-width: 320px) 100vw, 320px\" \/><figcaption class=\"blocks-gallery-item__caption\">Couvercle flottant<\/figcaption><\/figure><\/li><\/ul><\/figure>\n\n\n\n<h5>Pour Eviter la fermentation<\/h5>\n\n\n\n<p>La fermentation est  provoqu\u00e9e par les r\u00e9sidus de margines pr\u00e9sents dans l&rsquo;huile lors du proc\u00e9d\u00e9 de transformation du moulin.<br>Or, certains moulins comme le <a rel=\"noreferrer noopener\" href=\"http:\/\/moulindelamalissonne.blogspot.com\/\" target=\"_blank\">Moulin de la Malissonne<\/a> (utilis\u00e9 par Parcelle de Vie) ont un proc\u00e9d\u00e9 de filtration en fin de cha\u00eene qui permet de supprimer tous les r\u00e9sidus de pulpes!<\/p>\n\n\n\n<h2>Culture<\/h2>\n\n\n\n<p>L&rsquo;oliveraie est cultiv\u00e9e en 100% Naturel: aucun entrant chimique ou de synth\u00e8se, au m\u00eame titre que le potager. Quand on laisse l&rsquo;occasion \u00e0 la nature d&rsquo;exprimer tout son potentiel, on obtient une production saine et  riche en micro-nutriments, le tout dans le respect du Vivant avec un grand V.<\/p>\n\n\n\n<figure class=\"wp-block-image size-large\"><img loading=\"lazy\" width=\"1024\" height=\"576\" src=\"https:\/\/parcelledevie.fr\/producteur\/wp-content\/uploads\/2020\/12\/DSC_0571-1024x576.jpg\" alt=\"\" class=\"wp-image-2709\" srcset=\"https:\/\/parcelledevie.fr\/producteur\/wp-content\/uploads\/2020\/12\/DSC_0571-1024x576.jpg 1024w, https:\/\/parcelledevie.fr\/producteur\/wp-content\/uploads\/2020\/12\/DSC_0571-300x169.jpg 300w, https:\/\/parcelledevie.fr\/producteur\/wp-content\/uploads\/2020\/12\/DSC_0571-768x432.jpg 768w, https:\/\/parcelledevie.fr\/producteur\/wp-content\/uploads\/2020\/12\/DSC_0571-1536x864.jpg 1536w, https:\/\/parcelledevie.fr\/producteur\/wp-content\/uploads\/2020\/12\/DSC_0571-2048x1152.jpg 2048w\" sizes=\"(max-width: 1024px) 100vw, 1024px\" \/><\/figure>\n\n\n\n<h2>Commander son huile d&rsquo;olive?<\/h2>\n\n\n\n<p>L&rsquo;huile d&rsquo;olive de Parcelle de Vie est accessible uniquement lors de la commande d&rsquo;un panier de fruits et l\u00e9gumes et en quantit\u00e9 limit\u00e9 par commande dans un soucis de partage afin d&rsquo;en faire b\u00e9n\u00e9ficier le plus grand nombre.<\/p>\n\n\n\n<span style=\"backgroun-color=#f7f7f7;\">Je vous souhaite une bonne d\u00e9gustation avec ce nectar divin!<\/span>\n\n\n\n<p><\/p>\n","protected":false},"excerpt":{"rendered":"<p>&nbsp;Je vous propose de d\u00e9guster l&rsquo;huile d&rsquo;olive de la propri\u00e9t\u00e9, ce nectar pr\u00e9cieux \u00e0 la couleur d&rsquo;or riches en propri\u00e9t\u00e9s anti-oxydantes excellentes pour la sant\u00e9! Notre huile est un m\u00e9lange exclusif de nos olives, apport\u00e9es au moulin en quantit\u00e9 suffisante <a class=\"more-link\" href=\"https:\/\/parcelledevie.fr\/producteur\/epicerie\/lhuile-dolive-de-la-propriete\/\">Continuer la lecture <span class=\"screen-reader-text\">  L&rsquo;Huile d&rsquo;Olive de la propri\u00e9t\u00e9<\/span><span class=\"meta-nav\">&rarr;<\/span><\/a><\/p>\n","protected":false},"author":1,"featured_media":0,"parent":258,"menu_order":0,"comment_status":"closed","ping_status":"closed","template":"","meta":[],"_links":{"self":[{"href":"https:\/\/parcelledevie.fr\/producteur\/wp-json\/wp\/v2\/pages\/260"}],"collection":[{"href":"https:\/\/parcelledevie.fr\/producteur\/wp-json\/wp\/v2\/pages"}],"about":[{"href":"https:\/\/parcelledevie.fr\/producteur\/wp-json\/wp\/v2\/types\/page"}],"author":[{"embeddable":true,"href":"https:\/\/parcelledevie.fr\/producteur\/wp-json\/wp\/v2\/users\/1"}],"replies":[{"embeddable":true,"href":"https:\/\/parcelledevie.fr\/producteur\/wp-json\/wp\/v2\/comments?post=260"}],"version-history":[{"count":37,"href":"https:\/\/parcelledevie.fr\/producteur\/wp-json\/wp\/v2\/pages\/260\/revisions"}],"predecessor-version":[{"id":2730,"href":"https:\/\/parcelledevie.fr\/producteur\/wp-json\/wp\/v2\/pages\/260\/revisions\/2730"}],"up":[{"embeddable":true,"href":"https:\/\/parcelledevie.fr\/producteur\/wp-json\/wp\/v2\/pages\/258"}],"wp:attachment":[{"href":"https:\/\/parcelledevie.fr\/producteur\/wp-json\/wp\/v2\/media?parent=260"}],"curies":[{"name":"wp","href":"https:\/\/api.w.org\/{rel}","templated":true}]}}