{"id":384,"date":"2018-04-08T17:01:15","date_gmt":"2018-04-08T15:01:15","guid":{"rendered":"http:\/\/parcelledevie.fr\/producteur\/?page_id=384"},"modified":"2019-11-04T23:10:04","modified_gmt":"2019-11-04T22:10:04","slug":"confiture-et-gelee-de-fruits-du-potager","status":"publish","type":"page","link":"https:\/\/parcelledevie.fr\/producteur\/epicerie\/confiture-et-gelee-de-fruits-du-potager\/","title":{"rendered":"Confiture et gel\u00e9e de fruits du potager"},"content":{"rendered":"<p>Le soleil intense de notre r\u00e9gion nous donne des fruits bien sucr\u00e9s,&nbsp; id\u00e9al pour faire de d\u00e9licieuses confitures et gel\u00e9es<img loading=\"lazy\" class=\"size-medium wp-image-394 aligncenter\" src=\"http:\/\/parcelledevie.fr\/producteur\/wp-content\/uploads\/2018\/04\/20180408_165135-300x222.jpg\" alt=\"\" width=\"300\" height=\"222\" srcset=\"https:\/\/parcelledevie.fr\/producteur\/wp-content\/uploads\/2018\/04\/20180408_165135-300x222.jpg 300w, https:\/\/parcelledevie.fr\/producteur\/wp-content\/uploads\/2018\/04\/20180408_165135-768x568.jpg 768w, https:\/\/parcelledevie.fr\/producteur\/wp-content\/uploads\/2018\/04\/20180408_165135-1024x757.jpg 1024w\" sizes=\"(max-width: 300px) 100vw, 300px\" \/><\/p>\n<p style=\"text-align: left;\"><span style=\"font-size: 15px; font-weight: 300;\">Toutes nos confitures et gel\u00e9es sont faites avec les fruits du potager tels que melon, past\u00e8que, fraise, framboise, figue, et bient\u00f4t citron, abricot, griotte et orange am\u00e8re.<\/span><\/p>\n<p><span style=\"font-size: 15px; font-weight: 300;\">La teneur en fruits est entre 55% et 65% en fonction des confitures. Le sucre ajout\u00e9 est le sucre de canne blond bio exclusivement.&nbsp;<\/span><\/p>\n","protected":false},"excerpt":{"rendered":"<p>Le soleil intense de notre r\u00e9gion nous donne des fruits bien sucr\u00e9s,&nbsp; id\u00e9al pour faire de d\u00e9licieuses confitures et gel\u00e9es Toutes nos confitures et gel\u00e9es sont faites avec les fruits du potager tels que melon, past\u00e8que, fraise, framboise, figue, et <a class=\"more-link\" href=\"https:\/\/parcelledevie.fr\/producteur\/epicerie\/confiture-et-gelee-de-fruits-du-potager\/\">Continuer la lecture <span class=\"screen-reader-text\">  Confiture et gel\u00e9e de fruits du potager<\/span><span class=\"meta-nav\">&rarr;<\/span><\/a><\/p>\n","protected":false},"author":1,"featured_media":0,"parent":258,"menu_order":0,"comment_status":"closed","ping_status":"closed","template":"","meta":[],"_links":{"self":[{"href":"https:\/\/parcelledevie.fr\/producteur\/wp-json\/wp\/v2\/pages\/384"}],"collection":[{"href":"https:\/\/parcelledevie.fr\/producteur\/wp-json\/wp\/v2\/pages"}],"about":[{"href":"https:\/\/parcelledevie.fr\/producteur\/wp-json\/wp\/v2\/types\/page"}],"author":[{"embeddable":true,"href":"https:\/\/parcelledevie.fr\/producteur\/wp-json\/wp\/v2\/users\/1"}],"replies":[{"embeddable":true,"href":"https:\/\/parcelledevie.fr\/producteur\/wp-json\/wp\/v2\/comments?post=384"}],"version-history":[{"count":5,"href":"https:\/\/parcelledevie.fr\/producteur\/wp-json\/wp\/v2\/pages\/384\/revisions"}],"predecessor-version":[{"id":1753,"href":"https:\/\/parcelledevie.fr\/producteur\/wp-json\/wp\/v2\/pages\/384\/revisions\/1753"}],"up":[{"embeddable":true,"href":"https:\/\/parcelledevie.fr\/producteur\/wp-json\/wp\/v2\/pages\/258"}],"wp:attachment":[{"href":"https:\/\/parcelledevie.fr\/producteur\/wp-json\/wp\/v2\/media?parent=384"}],"curies":[{"name":"wp","href":"https:\/\/api.w.org\/{rel}","templated":true}]}}