{"id":5,"date":"2018-01-09T14:08:30","date_gmt":"2018-01-09T13:08:30","guid":{"rendered":"http:\/\/parcelledevie.fr\/site\/?page_id=5"},"modified":"2020-10-14T14:23:41","modified_gmt":"2020-10-14T12:23:41","slug":"le-panier-de-saison","status":"publish","type":"page","link":"https:\/\/parcelledevie.fr\/producteur\/le-panier-de-saison\/","title":{"rendered":"Le Panier de Saison"},"content":{"rendered":"<div>\n<table>\n<tbody>\n<tr>\n<td>\n<div class=\"wp-block-button aligncenter\"><a class=\"wp-block-button__link has-background has-luminous-vivid-amber-background-color\" href=\"https:\/\/parcelledevie.fr\/producteur\/le-panier-de-saison\/commander-son-panier-de-saison\/\">R\u00e9server 1 panier de saison<br \/>\n<\/a><\/div>\n<h4 style=\"text-align: center;\">Souple &amp; Sans Engagement!<br \/>\nChoisissez votre jour\/heure pour le r\u00e9cup\u00e9rer!<\/h4>\n<h4 style=\"text-align: center;\"><span style=\"color: #008000;\"><a href=\"https:\/\/parcelledevie.fr\/producteur\/le-panier-de-saison\/commander-son-panier-de-saison\/\"><img loading=\"lazy\" class=\"alignnone wp-image-190 size-medium\" src=\"https:\/\/parcelledevie.fr\/producteur\/wp-content\/uploads\/2018\/08\/103850931-supermarket-basket-icon-300x300.jpg\" alt=\"\" width=\"200\" height=\"200\" \/><\/a><span style=\"color: #2f7728;\"><br \/>\nSans engagement!<\/span><\/span><\/h4>\n<h2><span style=\"color: #99cc00;\">O\u00f9, quand, comment?<\/span><\/h2>\n<ol>\n<li>Panier <strong>\u00e0 r\u00e9cup\u00e9rer sur <a href=\"https:\/\/parcelledevie.fr\/producteur\/nous-contacter\/ou-nous-trouver\/\" target=\"_blank\" rel=\"noopener noreferrer\">place<\/a><\/strong> chez votre mara\u00eecher Parcelle de Vie.<\/li>\n<li><strong>Choisissez votre jour\/cr\u00e9neau horaire!<\/strong><\/li>\n<li><strong>Paiement en main propre<\/strong> (esp\u00e8ce ou ch\u00e8que).<\/li>\n<\/ol>\n<\/td>\n<td bgcolor=\"#F7F8E0\">\n<div class=\"wp-block-button aligncenter\"><a class=\"wp-block-button__link has-background\" style=\"background-color: #99cc00;\" href=\"https:\/\/parcelledevie.fr\/producteur\/le-panier-de-saison\/abonnement-au-panier-de-saison-hebdo\/\">S&rsquo;abonner au panier Hebdo<br \/>\n<\/a><\/div>\n<h4 style=\"text-align: center;\">Votre panier de saison \u00e0 votre rythme!<\/h4>\n<h4 style=\"text-align: center;\"><a href=\"https:\/\/parcelledevie.fr\/producteur\/le-panier-de-saison\/abonnement-au-panier-de-saison-hebdo\/\"><img loading=\"lazy\" class=\"alignnone wp-image-829\" src=\"https:\/\/parcelledevie.fr\/producteur\/wp-content\/uploads\/2020\/09\/abonnement.png\" alt=\"\" width=\"400\" height=\"235\" \/><\/a><span style=\"color: #2f7728;\"><br \/>\nEngagement sur une p\u00e9riode, une fr\u00e9quence et une taille de panier!<\/span><\/h4>\n<h2>O\u00f9, quand, comment?<\/h2>\n<ul>\n<li>Panier \u00e0 <strong>r\u00e9cup\u00e9rer sur <a href=\"https:\/\/parcelledevie.fr\/producteur\/nous-contacter\/ou-nous-trouver\/\" target=\"_blank\" rel=\"noopener noreferrer\">place<\/a><\/strong> chez votre mara\u00eecher Parcelle de Vie.<\/li>\n<li><strong>Lundi, Mardi, Jeudi, Vendredi de 17h-19h<\/strong><\/li>\n<li>Paiement par esp\u00e8ce, ch\u00e8que, ou RIB.<\/li>\n<li>Consulter la <a href=\"https:\/\/parcelledevie.fr\/producteur\/le-panier-de-saison\/charte-parcelle-de-vie\/\" target=\"_blank\" rel=\"noopener noreferrer\"><strong>charte de fonctionnement<\/strong><\/a><\/li>\n<\/ul>\n<\/td>\n<\/tr>\n<\/tbody>\n<\/table>\n<\/div>\n<h3><strong>3 formats de Panier: Solo\/ Couple\/ Famille<\/strong><\/h3>\n<p>Le panier de Parcelle de Vie est une composition \u00e9quilibr\u00e9e des <a href=\"https:\/\/parcelledevie.fr\/producteur\/le-panier-de-saison\/nos-fruits-et-legumes\/\">fruits et l\u00e9gumes de saison\u00a0<\/a>du moment.<\/p>\n<p><em><strong>Solo \u00e0 16,5\u20ac<\/strong>:<\/em> A d\u00e9guster seul ou accompagn\u00e9<br \/>\n<em><strong>Couple \u00e0 22\u20ac<\/strong>:<\/em> Id\u00e9al pour 2\/3 personnes<br \/>\n<em><strong>Famille \u00e0 31\u20ac<\/strong>:<\/em> A savourer tous en famille \ud83d\udc6a<\/p>\n<h3>Contenu du panier<\/h3>\n<p><span style=\"font-size: 15px; font-weight: 300;\">La composition du panier de l\u00e9gumes et fruits de saison varie en fonction de la maturit\u00e9 des fruits et l\u00e9gumes du potager, et bien s\u00fbr de la saison (<a href=\"https:\/\/parcelledevie.fr\/producteur\/le-panier-de-saison\/nos-fruits-et-legumes\/\" target=\"_blank\" rel=\"noopener noreferrer\">la liste en ce moment<\/a>).<br \/>\n<\/span>Dans chaque panier vous pouvez ajouter<strong> en suppl\u00e9ment lors de la commande<\/strong>:<\/p>\n<ul>\n<li><a href=\"https:\/\/parcelledevie.fr\/producteur\/epicerie\/lhuile-dolive-de-la-propriete\/\">L&rsquo;Huile d&rsquo;Olive de la propri\u00e9t\u00e9<\/a> en bouteille de 75cl<\/li>\n<li><a href=\"https:\/\/parcelledevie.fr\/producteur\/epicerie\/oeufs-fermiers\/\">Les Oeufs frais fermiers<\/a> du poulailler<\/li>\n<li><a href=\"https:\/\/parcelledevie.fr\/producteur\/epicerie\/confiture-et-gelee-de-fruits-du-potager\/\">Les Confiture ou gel\u00e9e de fruits<\/a> du potager<\/li>\n<\/ul>\n<p><span style=\"color: #99cc00;\">Besoin de plus de renseignements?<\/span>\u00a0<span style=\"font-size: 15px; font-weight: 300;\"><a href=\"https:\/\/parcelledevie.fr\/producteur\/nous-contacter\/\">Posez votre question!<\/a> Ou appelez le 0664423249 \ud83d\ude09<\/span><\/p>\n<h3>Les paniers en photos!<\/h3>\n<p>\t\r\n    <div class=\"gal-container\" id=\"slgf_680\">\r\n\t\t            <!--get the post id-->\r\n\t\t\t\r\n            <!--Gallery Title-->\r\n\t\t\t                <div class=\"slg_title_class\">\r\n\t\t\t\t\tPanier Solo 1\/2 personnes 15\u20ac                <\/div>\r\n\t\t\t\r\n            <div class=\"gallery1 lightgallery_680\">\r\n\t\t\t\t\t\t\t\t\t\t<div class=\"col-md-4 col-sm-6 wl-gallery\" data-src=\"https:\/\/parcelledevie.fr\/producteur\/wp-content\/uploads\/2018\/09\/DSC_0021-400x400.jpg\" >\r\n\r\n                            <div class=\"img-box-shadow\">\r\n\r\n\t\t\t\t\t\t\t\t                                <a title=\"\" class=\"swipebox_680\"\r\n                                   href=\"https:\/\/parcelledevie.fr\/producteur\/wp-content\/uploads\/2018\/09\/DSC_0021.jpg\">\r\n                                    <div class=\"b-link-stroke b-animate-go\">\r\n                                        <img src=\"https:\/\/parcelledevie.fr\/producteur\/wp-content\/uploads\/2018\/09\/DSC_0021-400x400.jpg\" class=\"gall-img-responsive\"\r\n                                             alt=\"\">\r\n                                    <\/div>\r\n                                <\/a>\r\n\r\n                                <!--Gallery Label-->\r\n\t\t\t\t\t\t\t\t                            <\/div>\r\n                        <\/div>\r\n\t\t\t\t\t\t\t\t\t\t\t\t<div class=\"col-md-4 col-sm-6 wl-gallery\" data-src=\"https:\/\/parcelledevie.fr\/producteur\/wp-content\/uploads\/2018\/01\/panier-l\u00e9gumes-hiver-6.jpg\" >\r\n\r\n                            <div class=\"img-box-shadow\">\r\n\r\n\t\t\t\t\t\t\t\t                                <a title=\"\" class=\"swipebox_680\"\r\n                                   href=\"https:\/\/parcelledevie.fr\/producteur\/wp-content\/uploads\/2018\/01\/panier-l\u00e9gumes-hiver-6.jpg\">\r\n                                    <div class=\"b-link-stroke b-animate-go\">\r\n                                        <img src=\"https:\/\/parcelledevie.fr\/producteur\/wp-content\/uploads\/2018\/01\/panier-l\u00e9gumes-hiver-6.jpg\" class=\"gall-img-responsive\"\r\n                                             alt=\"\">\r\n                                    <\/div>\r\n                                <\/a>\r\n\r\n                                <!--Gallery Label-->\r\n\t\t\t\t\t\t\t\t                            <\/div>\r\n                        <\/div>\r\n\t\t\t\t\t\t\t\t\t\t\t\t<div class=\"col-md-4 col-sm-6 wl-gallery\" data-src=\"https:\/\/parcelledevie.fr\/producteur\/wp-content\/uploads\/2018\/01\/panier-l\u00e9gumes-hiver-2.jpg\" >\r\n\r\n                            <div class=\"img-box-shadow\">\r\n\r\n\t\t\t\t\t\t\t\t                                <a title=\"\" class=\"swipebox_680\"\r\n                                   href=\"https:\/\/parcelledevie.fr\/producteur\/wp-content\/uploads\/2018\/01\/panier-l\u00e9gumes-hiver-2.jpg\">\r\n                                    <div class=\"b-link-stroke b-animate-go\">\r\n                                        <img src=\"https:\/\/parcelledevie.fr\/producteur\/wp-content\/uploads\/2018\/01\/panier-l\u00e9gumes-hiver-2.jpg\" class=\"gall-img-responsive\"\r\n                                             alt=\"\">\r\n                                    <\/div>\r\n                                <\/a>\r\n\r\n                                <!--Gallery Label-->\r\n\t\t\t\t\t\t\t\t                            <\/div>\r\n                        <\/div>\r\n\t\t\t\t\t\t            <\/div>\r\n\t\t    <\/div>\r\n\r\n    <!-- Swipe Box-->\r\n    <br \/>\n\t\r\n    <div class=\"gal-container\" id=\"slgf_672\">\r\n\t\t            <!--get the post id-->\r\n\t\t\t\r\n            <!--Gallery Title-->\r\n\t\t\t                <div class=\"slg_title_class\">\r\n\t\t\t\t\tPanier Couple 2\/3 personnes 20\u20ac                <\/div>\r\n\t\t\t\r\n            <div class=\"gallery1 lightgallery_672\">\r\n\t\t\t\t\t\t\t\t\t\t<div class=\"col-md-4 col-sm-6 wl-gallery\" data-src=\"https:\/\/parcelledevie.fr\/producteur\/wp-content\/uploads\/2018\/09\/panier-Couple-4-400x400.jpg\" >\r\n\r\n                            <div class=\"img-box-shadow\">\r\n\r\n\t\t\t\t\t\t\t\t                                <a title=\"\" class=\"swipebox_672\"\r\n                                   href=\"https:\/\/parcelledevie.fr\/producteur\/wp-content\/uploads\/2018\/09\/panier-Couple-4.jpg\">\r\n                                    <div class=\"b-link-stroke b-animate-go\">\r\n                                        <img src=\"https:\/\/parcelledevie.fr\/producteur\/wp-content\/uploads\/2018\/09\/panier-Couple-4-400x400.jpg\" class=\"gall-img-responsive\"\r\n                                             alt=\"\">\r\n                                    <\/div>\r\n                                <\/a>\r\n\r\n                                <!--Gallery Label-->\r\n\t\t\t\t\t\t\t\t                            <\/div>\r\n                        <\/div>\r\n\t\t\t\t\t\t\t\t\t\t\t\t<div class=\"col-md-4 col-sm-6 wl-gallery\" data-src=\"https:\/\/parcelledevie.fr\/producteur\/wp-content\/uploads\/2018\/09\/panier-Couple-1-400x400.jpg\" >\r\n\r\n                            <div class=\"img-box-shadow\">\r\n\r\n\t\t\t\t\t\t\t\t                                <a title=\"\" class=\"swipebox_672\"\r\n                                   href=\"https:\/\/parcelledevie.fr\/producteur\/wp-content\/uploads\/2018\/09\/panier-Couple-1.jpg\">\r\n                                    <div class=\"b-link-stroke b-animate-go\">\r\n                                        <img src=\"https:\/\/parcelledevie.fr\/producteur\/wp-content\/uploads\/2018\/09\/panier-Couple-1-400x400.jpg\" class=\"gall-img-responsive\"\r\n                                             alt=\"\">\r\n                                    <\/div>\r\n                                <\/a>\r\n\r\n                                <!--Gallery Label-->\r\n\t\t\t\t\t\t\t\t                            <\/div>\r\n                        <\/div>\r\n\t\t\t\t\t\t\t\t\t\t\t\t<div class=\"col-md-4 col-sm-6 wl-gallery\" data-src=\"https:\/\/parcelledevie.fr\/producteur\/wp-content\/uploads\/2018\/09\/panier-Couple-5-400x400.jpg\" >\r\n\r\n                            <div class=\"img-box-shadow\">\r\n\r\n\t\t\t\t\t\t\t\t                                <a title=\"\" class=\"swipebox_672\"\r\n                                   href=\"https:\/\/parcelledevie.fr\/producteur\/wp-content\/uploads\/2018\/09\/panier-Couple-5.jpg\">\r\n                                    <div class=\"b-link-stroke b-animate-go\">\r\n                                        <img src=\"https:\/\/parcelledevie.fr\/producteur\/wp-content\/uploads\/2018\/09\/panier-Couple-5-400x400.jpg\" class=\"gall-img-responsive\"\r\n                                             alt=\"\">\r\n                                    <\/div>\r\n                                <\/a>\r\n\r\n                                <!--Gallery Label-->\r\n\t\t\t\t\t\t\t\t                            <\/div>\r\n                        <\/div>\r\n\t\t\t\t\t\t            <\/div>\r\n\t\t    <\/div>\r\n\r\n    <!-- Swipe Box-->\r\n    <br \/>\n\t\r\n    <div class=\"gal-container\" id=\"slgf_683\">\r\n\t\t            <!--get the post id-->\r\n\t\t\t\r\n            <!--Gallery Title-->\r\n\t\t\t                <div class=\"slg_title_class\">\r\n\t\t\t\t\tPanier Famille 3\/4 personnes 28\u20ac                <\/div>\r\n\t\t\t\r\n            <div class=\"gallery1 lightgallery_683\">\r\n\t\t\t\t\t\t\t\t\t\t<div class=\"col-md-4 col-sm-6 wl-gallery\" data-src=\"https:\/\/parcelledevie.fr\/producteur\/wp-content\/uploads\/2018\/09\/panier-Famille-1-400x400.jpg\" >\r\n\r\n                            <div class=\"img-box-shadow\">\r\n\r\n\t\t\t\t\t\t\t\t                                <a title=\"\" class=\"swipebox_683\"\r\n                                   href=\"https:\/\/parcelledevie.fr\/producteur\/wp-content\/uploads\/2018\/09\/panier-Famille-1.jpg\">\r\n                                    <div class=\"b-link-stroke b-animate-go\">\r\n                                        <img src=\"https:\/\/parcelledevie.fr\/producteur\/wp-content\/uploads\/2018\/09\/panier-Famille-1-400x400.jpg\" class=\"gall-img-responsive\"\r\n                                             alt=\"\">\r\n                                    <\/div>\r\n                                <\/a>\r\n\r\n                                <!--Gallery Label-->\r\n\t\t\t\t\t\t\t\t                            <\/div>\r\n                        <\/div>\r\n\t\t\t\t\t\t\t\t\t\t\t\t<div class=\"col-md-4 col-sm-6 wl-gallery\" data-src=\"https:\/\/parcelledevie.fr\/producteur\/wp-content\/uploads\/2018\/09\/IMAG0206-400x400.jpg\" >\r\n\r\n                            <div class=\"img-box-shadow\">\r\n\r\n\t\t\t\t\t\t\t\t                                <a title=\"\" class=\"swipebox_683\"\r\n                                   href=\"https:\/\/parcelledevie.fr\/producteur\/wp-content\/uploads\/2018\/09\/IMAG0206.jpg\">\r\n                                    <div class=\"b-link-stroke b-animate-go\">\r\n                                        <img src=\"https:\/\/parcelledevie.fr\/producteur\/wp-content\/uploads\/2018\/09\/IMAG0206-400x400.jpg\" class=\"gall-img-responsive\"\r\n                                             alt=\"\">\r\n                                    <\/div>\r\n                                <\/a>\r\n\r\n                                <!--Gallery Label-->\r\n\t\t\t\t\t\t\t\t                            <\/div>\r\n                        <\/div>\r\n\t\t\t\t\t\t\t\t\t\t\t\t<div class=\"col-md-4 col-sm-6 wl-gallery\" data-src=\"https:\/\/parcelledevie.fr\/producteur\/wp-content\/uploads\/2018\/09\/IMAG0213-400x400.jpg\" >\r\n\r\n                            <div class=\"img-box-shadow\">\r\n\r\n\t\t\t\t\t\t\t\t                                <a title=\"\" class=\"swipebox_683\"\r\n                                   href=\"https:\/\/parcelledevie.fr\/producteur\/wp-content\/uploads\/2018\/09\/IMAG0213.jpg\">\r\n                                    <div class=\"b-link-stroke b-animate-go\">\r\n                                        <img src=\"https:\/\/parcelledevie.fr\/producteur\/wp-content\/uploads\/2018\/09\/IMAG0213-400x400.jpg\" class=\"gall-img-responsive\"\r\n                                             alt=\"\">\r\n                                    <\/div>\r\n                                <\/a>\r\n\r\n                                <!--Gallery Label-->\r\n\t\t\t\t\t\t\t\t                            <\/div>\r\n                        <\/div>\r\n\t\t\t\t\t\t            <\/div>\r\n\t\t    <\/div>\r\n\r\n    <!-- Swipe Box-->\r\n    <\/p>\n<p>Manger de saison est excellent pour la sant\u00e9 ! Voici\u00a0<a href=\"https:\/\/parcelledevie.fr\/producteur\/index.php\/le-potager-au-naturel\/pourquoi-manger-de-saison\/\">toutes les bonnes raisons pour manger de saison<\/a>.<\/p>\n","protected":false},"excerpt":{"rendered":"<p>R\u00e9server 1 panier de saison Souple &amp; Sans Engagement! Choisissez votre jour\/heure pour le r\u00e9cup\u00e9rer! Sans engagement! O\u00f9, quand, comment? Panier \u00e0 r\u00e9cup\u00e9rer sur place chez votre mara\u00eecher Parcelle de Vie. Choisissez votre jour\/cr\u00e9neau horaire! Paiement en main propre (esp\u00e8ce <a class=\"more-link\" href=\"https:\/\/parcelledevie.fr\/producteur\/?p=683\">Continuer la lecture <span class=\"screen-reader-text\">  Panier Famille 3\/4 personnes 28\u20ac<\/span><span class=\"meta-nav\">&rarr;<\/span><\/a><\/p>\n","protected":false},"author":1,"featured_media":0,"parent":0,"menu_order":0,"comment_status":"closed","ping_status":"closed","template":"page-fullwidth.php","meta":[],"_links":{"self":[{"href":"https:\/\/parcelledevie.fr\/producteur\/wp-json\/wp\/v2\/pages\/5"}],"collection":[{"href":"https:\/\/parcelledevie.fr\/producteur\/wp-json\/wp\/v2\/pages"}],"about":[{"href":"https:\/\/parcelledevie.fr\/producteur\/wp-json\/wp\/v2\/types\/page"}],"author":[{"embeddable":true,"href":"https:\/\/parcelledevie.fr\/producteur\/wp-json\/wp\/v2\/users\/1"}],"replies":[{"embeddable":true,"href":"https:\/\/parcelledevie.fr\/producteur\/wp-json\/wp\/v2\/comments?post=5"}],"version-history":[{"count":88,"href":"https:\/\/parcelledevie.fr\/producteur\/wp-json\/wp\/v2\/pages\/5\/revisions"}],"predecessor-version":[{"id":2606,"href":"https:\/\/parcelledevie.fr\/producteur\/wp-json\/wp\/v2\/pages\/5\/revisions\/2606"}],"wp:attachment":[{"href":"https:\/\/parcelledevie.fr\/producteur\/wp-json\/wp\/v2\/media?parent=5"}],"curies":[{"name":"wp","href":"https:\/\/api.w.org\/{rel}","templated":true}]}}