{"id":631,"date":"2018-08-31T07:01:36","date_gmt":"2018-08-31T05:01:36","guid":{"rendered":"http:\/\/parcelledevie.fr\/producteur\/?page_id=631"},"modified":"2020-09-15T11:44:27","modified_gmt":"2020-09-15T09:44:27","slug":"charte-parcelle-de-vie","status":"publish","type":"page","link":"https:\/\/parcelledevie.fr\/producteur\/le-panier-de-saison\/charte-parcelle-de-vie\/","title":{"rendered":"Charte Parcelle de Vie"},"content":{"rendered":"<p><img loading=\"lazy\" class=\"alignnone wp-image-637 size-full\" src=\"http:\/\/parcelledevie.fr\/producteur\/wp-content\/uploads\/2018\/08\/charte-icone-e1535693890817.png\" alt=\"\" width=\"125\" height=\"125\" \/><\/p>\n<p>La Charte de Parcelle de Vie, fonctionnement et engagement.<\/p>\n<h2>1 ) Fonctionnement du Panier hebdo<\/h2>\n<ul>\n<li><b>Quand r\u00e9cup\u00e9rer son panier?<\/b><br \/>Le panier est \u00e0 r\u00e9cup\u00e9rer sur le cr\u00e9neau horaire d\u00e9fini lors de l\u2019abonnement. Il pourra \u00eatre toutefois modifi\u00e9 en cours de p\u00e9riode sur demande.<\/li>\n<li><b>O\u00f9 r\u00e9cup\u00e9rer son panier?<\/b><br \/>Pour me trouver: \u00a0<a href=\"http:\/\/parcelledevie.fr\/producteur\/ou-nous-trouver\/\">http:\/\/parcelledevie.fr\/producteur\/ou-nous-trouver\/<\/a><\/li>\n<\/ul>\n<p>Indications: Prenez le chemin priv\u00e9 \u00e0 c\u00f4t\u00e9 du stand en bois de \u00a0&lsquo;Parcelle de Vie&rsquo; au 1050 Rte de Faveyrolles, 83190 OLLIOULES. A la sortie du sous-bois, <b>se garer au parking visiteur<\/b> sur votre gauche, puis prenez \u00e0 pied le chemin de gauche \u00e0 la patte d&rsquo;oie, jusqu\u2019\u00e0 la maison, c&rsquo;est l\u00e0! \ud83d\ude42<\/p>\n<ul>\n<li><b>Emargement<\/b><\/li>\n<\/ul>\n<p><span style=\"color: #ff0000;\">A chaque remise de panier, le producteur mettra \u00e0 jour le nombre de paniers remis. L&rsquo;abonn\u00e9 pourra \u00e0 tout moment consulter via son espace personnel\u00a0 le nombre de paniers remis et restants.\u00a0<\/span><\/p>\n<h2>2) R\u00e8glement de l&rsquo;abonnement et Engagement sur la p\u00e9riode<\/h2>\n<ul>\n<li><b>Validation de l\u2019abonnement.<\/b><br \/>D\u00e8s r\u00e9ception du r\u00e8glement \u00e0 <span style=\"color: #ff0000;\">Julien Gaffier fondateur de \u201c Parcelle de Vie\u201d<\/span>, au minimum 1 semaine avant la date de d\u00e9marrage du 1er panier. Pour les r\u00e9servations d&rsquo;abonnement faites plus de 2 semaines \u00e0 l&rsquo;avance, un accompte de la somme totale vous sera demand\u00e9 pour valider votre r\u00e9servation d&rsquo;abonnement .<\/li>\n<\/ul>\n<ul>\n<li><b>Mode de paiement<\/b><br \/>3 modes de paiement sont accept\u00e9s: esp\u00e8ce, ch\u00e8que ou virement bancaire (RIB fournit par mail apr\u00e8s inscription).<\/li>\n<li><b>Engagement<\/b><br \/>Chacun s\u2019engage \u00e0 \u00eatre disponible pour venir r\u00e9cup\u00e9rer son panier de fa\u00e7on hebdomadaire sur la dur\u00e9e de l\u2019abonnement.<\/li>\n<\/ul>\n<h2>3 ) Incapacit\u00e9 de fournir ou r\u00e9cup\u00e9rer le panier<\/h2>\n<p>Plusieurs cas peuvent se pr\u00e9senter: intemp\u00e9ries, absence.<\/p>\n<ul>\n<li><b>Intemp\u00e9ries<\/b><br \/>En cas de fortes perturbations climatiques, se d\u00e9placer pour r\u00e9cup\u00e9rer son panier pourrait \u00eatre compliqu\u00e9. La remise du panier sera alors d\u00e9cal\u00e9e \u00e0 un autre jour, d\u00e8s le lendemain si possible. Le client sera averti soit par un groupe priv\u00e9 Facebook, soit par t\u00e9l\u00e9phone.<\/li>\n<\/ul>\n<p>Si des fortes intemp\u00e9ries provoquent des d\u00e9g\u00e2ts dans le potager et emp\u00eachent la r\u00e9colte, la remise du panier sera suspendue, et d\u00e9cal\u00e9e dans le temps. Le client conserve donc son quotas de paniers.<\/p>\n<ul>\n<li><b>Absences pour fournir le panier<\/b><br \/>En cas de vacances ou d\u2019\u00e9v\u00e8nement exceptionnel comme maladie ou autre, la remise du panier sera suspendue, et d\u00e9cal\u00e9e dans le temps. Le client conserve donc son quotas de paniers.<\/li>\n<li><b>Absence de l\u2019abonn\u00e9 pour r\u00e9cup\u00e9rer son panier.<\/b><b><br \/><\/b>En cas d&rsquo;absence \u00a0du client, il faudra pr\u00e9venir Julien pour que le panier soit exceptionnellement gard\u00e9 pour le lendemain. A savoir que le panier ne sera pas conserv\u00e9 au frigo et que la fra\u00eecheur des fruits et l\u00e9gumes ne pourra pas \u00eatre sujet \u00e0 plaintes. Si malgr\u00e9 tout le panier n\u2019est pas r\u00e9cup\u00e9r\u00e9 le lendemain, le panier sera perdu et d\u00e9compt\u00e9 du nombre de panier dans l\u2019abonnement contractuel.<\/li>\n<\/ul>\n<p>En cas d&rsquo;indisponibilit\u00e9 (vacances, d\u00e9placement professionnel, etc &#8230;) du client, il pourra d\u00e9caler entre 2 et 6 fois son panier au maximum en fonction de la dur\u00e9e d&rsquo;engagement, sinon il sera perdu.<br \/><br \/>Pour <strong>valider sa mise en pause<\/strong>, le client devra IMPERATIVEMENT signaler sa pause depuis son espace personnel, tout autre moyen comme sms ou mail ne sera pas pris en compte, sauf raisons exceptionnelle.<\/p>\n\n\n<h2>4)  Espace Personnel<\/h2>\n\n\n\n<p>Chaque client poss\u00e8de un espace personnel o\u00f9 il pourra g\u00e9rer un certain nombre d&rsquo;informations et acc\u00e9der \u00e0 des fonctionnalit\u00e9s utiles. <\/p>\n\n\n\n<h4>Ajout d&rsquo;un suppl\u00e9ment dans le prochain panier<\/h4>\n\n\n\n<p>Vous pouvez ajouter au d\u00e9tail des suppl\u00e9ment \u00e0 votre prochain panier : fruits, l\u00e9gumes, \u00e9picerie, ce qui vous fera plaisir. Le tout sera mis en compte et accessible en d\u00e9tail depuis votre espace, pas besoin de payer \u00e0 chaque fois. La r\u00e9gularisation sera faite soit \u00e0 la demande du producteur, soit \u00e0 chaque \u00e9ch\u00e9ance de paiement de l&rsquo;abonnement, soit \u00e0 la fin de l&rsquo;abonnement.<\/p>\n\n\n\n<h4><\/h4>\n","protected":false},"excerpt":{"rendered":"<p>La Charte de Parcelle de Vie, fonctionnement et engagement. 1 ) Fonctionnement du Panier hebdo Quand r\u00e9cup\u00e9rer son panier?Le panier est \u00e0 r\u00e9cup\u00e9rer sur le cr\u00e9neau horaire d\u00e9fini lors de l\u2019abonnement. Il pourra \u00eatre toutefois modifi\u00e9 en cours de p\u00e9riode <a class=\"more-link\" href=\"https:\/\/parcelledevie.fr\/producteur\/le-panier-de-saison\/charte-parcelle-de-vie\/\">Continuer la lecture <span class=\"screen-reader-text\">  Charte Parcelle de Vie<\/span><span class=\"meta-nav\">&rarr;<\/span><\/a><\/p>\n","protected":false},"author":1,"featured_media":0,"parent":5,"menu_order":0,"comment_status":"closed","ping_status":"closed","template":"page-fullwidth.php","meta":[],"_links":{"self":[{"href":"https:\/\/parcelledevie.fr\/producteur\/wp-json\/wp\/v2\/pages\/631"}],"collection":[{"href":"https:\/\/parcelledevie.fr\/producteur\/wp-json\/wp\/v2\/pages"}],"about":[{"href":"https:\/\/parcelledevie.fr\/producteur\/wp-json\/wp\/v2\/types\/page"}],"author":[{"embeddable":true,"href":"https:\/\/parcelledevie.fr\/producteur\/wp-json\/wp\/v2\/users\/1"}],"replies":[{"embeddable":true,"href":"https:\/\/parcelledevie.fr\/producteur\/wp-json\/wp\/v2\/comments?post=631"}],"version-history":[{"count":15,"href":"https:\/\/parcelledevie.fr\/producteur\/wp-json\/wp\/v2\/pages\/631\/revisions"}],"predecessor-version":[{"id":2549,"href":"https:\/\/parcelledevie.fr\/producteur\/wp-json\/wp\/v2\/pages\/631\/revisions\/2549"}],"up":[{"embeddable":true,"href":"https:\/\/parcelledevie.fr\/producteur\/wp-json\/wp\/v2\/pages\/5"}],"wp:attachment":[{"href":"https:\/\/parcelledevie.fr\/producteur\/wp-json\/wp\/v2\/media?parent=631"}],"curies":[{"name":"wp","href":"https:\/\/api.w.org\/{rel}","templated":true}]}}