{"id":717,"date":"2018-09-26T08:30:58","date_gmt":"2018-09-26T06:30:58","guid":{"rendered":"http:\/\/parcelledevie.fr\/producteur\/?page_id=717"},"modified":"2020-11-07T20:26:10","modified_gmt":"2020-11-07T19:26:10","slug":"mon-histoire","status":"publish","type":"page","link":"https:\/\/parcelledevie.fr\/producteur\/le-potager-au-naturel\/mon-histoire\/","title":{"rendered":"Mon Histoire"},"content":{"rendered":"<div class=\"_39k5 _5s6c\">\n<div>\n<div>\n<figure id=\"attachment_724\" aria-describedby=\"caption-attachment-724\" style=\"width: 530px\" class=\"wp-caption aligncenter\"><img loading=\"lazy\" class=\"wp-image-724 size-large\" src=\"http:\/\/parcelledevie.fr\/producteur\/wp-content\/uploads\/2018\/09\/IMAG0228-1024x576.jpg\" alt=\"\" width=\"530\" height=\"298\" srcset=\"https:\/\/parcelledevie.fr\/producteur\/wp-content\/uploads\/2018\/09\/IMAG0228-1024x576.jpg 1024w, https:\/\/parcelledevie.fr\/producteur\/wp-content\/uploads\/2018\/09\/IMAG0228-300x169.jpg 300w, https:\/\/parcelledevie.fr\/producteur\/wp-content\/uploads\/2018\/09\/IMAG0228-768x432.jpg 768w\" sizes=\"(max-width: 530px) 100vw, 530px\" \/><figcaption id=\"caption-attachment-724\" class=\"wp-caption-text\">Finaliste Talents Gourmands 2018 &#8211; Prix Coup de Coeur D\u00e9partemental Var 83<\/figcaption><\/figure>\n<\/div>\n<h3 class=\"_2cuy _3dgx _2vxa\">Pourquoi l\u2019agriculture?<\/h3>\n<div class=\"_2cuy _3dgx _2vxa\">C&rsquo;est une reconversion professionnelle: j&rsquo;\u00e9tais ing\u00e9nieur en d\u00e9veloppement logiciels pendant 10 ans et je voulais changer de cap pour \u00eatre au plus pr\u00e8s de mes convictions. J&rsquo;ai toujours \u00e9t\u00e9 proche de la nature, et j&rsquo;ai eu l&rsquo;opportunit\u00e9 d&rsquo;habiter dans une campagne familiale. J&rsquo;ai eu envie de faire de ma passion mon m\u00e9tier .<\/div>\n<div class=\"_2cuy _3dgx _2vxa\">De plus je crois \u00e0 un grand retour de la valorisation des m\u00e9tiers du terroir avec une exploitation \u00e0 taille humaine. Je cherche \u00e0 cr\u00e9er un lien de confiance solide avec mes clients, en leur apportant un certains bien \u00eatre pour le corps au travers d&rsquo;une alimentation de qualit\u00e9.<\/div>\n<div><\/div>\n<div><\/div>\n<h3 class=\"_2cuy _3dgx _2vxa\">De ma formation \u00e0 mon installation<\/h3>\n<div class=\"_2cuy _3dgx _2vxa\">Ayant un dipl\u00f4me d&rsquo;ing\u00e9nieur logiciel de formation, j&rsquo;ai commenc\u00e9 \u00e0 faire un potager familial en m&rsquo;inspirant de conseils &lsquo;d&rsquo;anciens&rsquo;, en d\u00e9couvrant l&rsquo;approche du potager au naturel par les livres, internet, et aussi beaucoup par l&rsquo;observation et l&rsquo;exp\u00e9rience. Je continue \u00e0 me tenir au courant de nouvelles techniques ou inventions ainsi que faire mes propres exp\u00e9riences.<\/div>\n<div><\/div>\n<div class=\"_2cuy _3dgx _2vxa\"><\/div>\n<h1><\/h1>\n<h1 class=\"_2cuy _3dgx _2vxa\">Mon exploitation<\/h1>\n<\/div>\n<h3>Pr\u00e9sentation<\/h3>\n<div>\n<div class=\"_2cuy _3dgx _2vxa\">Mon exploitation est situ\u00e9e \u00e0 Ollioules. Je cultive de plein champ toute vari\u00e9t\u00e9 de fruits et l\u00e9gumes de saison. J&rsquo;ai fait le choix de ne faire que de la vente directe (aux consommateurs ou professionnels de la restauration gastronomique). Je vends des paniers de saison sur commande ou via un stand en bordure de propri\u00e9t\u00e9 proche d&rsquo;une route fr\u00e9quent\u00e9e pour \u00eatre au plus pr\u00e8s de mes consommateurs et ainsi \u00e9tablir un lien de confiance. On peut ainsi apporter une valeur ajout\u00e9e au produit en conseillant les personnes au mieux, et leur faire d\u00e9couvrir un peu plus le m\u00e9tier d&rsquo;agriculteur.<\/div>\n<div><\/div>\n<h3 class=\"_2cuy _3dgx _2vxa\">Les atouts de mon exploitation<\/h3>\n<ul>\n<li style=\"list-style-type: none;\">\n<ul>\n<li class=\"_2cuy _3dgx _2vxa\">\u00a0Exploitation de taille humaine<\/li>\n<\/ul>\n<\/li>\n<\/ul>\n<ul>\n<li style=\"list-style-type: none;\">\n<ul>\n<li class=\"_2cuy _3dgx _2vxa\">&lsquo;La campagne dans la ville&rsquo;, int\u00e9gr\u00e9e dans un cadre urbain (Toulon \u00e0 2 min).<\/li>\n<\/ul>\n<\/li>\n<\/ul>\n<ul>\n<li style=\"list-style-type: none;\">\n<ul>\n<li class=\"_2cuy _3dgx _2vxa\">Vente directe (du producteur au consommateur) qui cr\u00e9\u00e9e du lien social.<\/li>\n<\/ul>\n<\/li>\n<\/ul>\n<ul>\n<li class=\"_2cuy _3dgx _2vxa\">Du cueilli\/mang\u00e9 en proposant un produit tr\u00e8s frais(panier : vente dans l&rsquo;heure \/ stand : produit cueilli et vendu dans la journ\u00e9e).<\/li>\n<\/ul>\n<h4>3 piliers fondamentaux pour mes fruits et l\u00e9gumes:<\/h4>\n<div class=\"_2cuy _3dgx _2vxa\">Un produit sain (sans aucun produit chimique ni engrais de synth\u00e8se) Un produit nutritif (li\u00e9 au mode de culture int\u00e9gr\u00e9e du potager au naturel, en allant du choix de la semence au respect des cycles lunaires) Un produit qui a du go\u00fbt car cueilli \u00e0 maturit\u00e9 quelques heures avant la vente.<\/div>\n<div class=\"_2cuy _3dgx _2vxa\">Je propose \u00e9galement en accompagnement de mes l\u00e9gumes du soleil l&rsquo;huile d&rsquo;olive de la propri\u00e9t\u00e9, produite dans le m\u00eame soucis de qualit\u00e9 nutritive et gustative ce qui est un plus pour mes consommateurs.<\/div>\n<div><\/div>\n<h2 class=\"_2cuy _3dgx _2vxa\">Mon Savoir-Faire<\/h2>\n<h3>Pr\u00e9sentation<\/h3>\n<div class=\"_2cuy _3dgx _2vxa\">Je fais de la culture int\u00e9gr\u00e9e 100% naturelle qui doit respecter le vivant c&rsquo;est \u00e0 dire le sol, les plantes et l&rsquo;humain. Le travail doit \u00eatre fait en conscience et chaque geste doit \u00eatre r\u00e9fl\u00e9chit, car chacune de nos actions ont un impact sur le vivant. Il faut s&rsquo;inscrire dans les cycles naturels existant de Dame Nature pour avoir une terre vivante, \u00e9quilibr\u00e9e et ainsi favoriser les processus naturels pr\u00e9existants.<\/div>\n<div class=\"_2cuy _3dgx _2vxa\">Je nourris le sol avec des amendements naturels (fumiers, BRF, infusion de cendres de bois, purins d&rsquo;ortie). Le v\u00e9g\u00e9tal, qui fait parti du vivant, peut ainsi faire fonctionner son m\u00e9tabolisme pour fabriquer tout ce dont notre corps a besoin \u00e0 savoir vitamines, sels min\u00e9raux et des oligo-\u00e9l\u00e9ments.<\/div>\n<div class=\"_2cuy _3dgx _2vxa\">Toutes les techniques du potager au naturel se retrouvent: paillage, plantes compagnes, rotations triennales, calendrier lunaire, arrosage goutte \u00e0 goutte, etc&#8230;<\/div>\n<\/div>\n<\/div>\n","protected":false},"excerpt":{"rendered":"<p>Pourquoi l\u2019agriculture? C&rsquo;est une reconversion professionnelle: j&rsquo;\u00e9tais ing\u00e9nieur en d\u00e9veloppement logiciels pendant 10 ans et je voulais changer de cap pour \u00eatre au plus pr\u00e8s de mes convictions. J&rsquo;ai toujours \u00e9t\u00e9 proche de la nature, et j&rsquo;ai eu l&rsquo;opportunit\u00e9 d&rsquo;habiter <a class=\"more-link\" href=\"https:\/\/parcelledevie.fr\/producteur\/le-potager-au-naturel\/mon-histoire\/\">Continuer la lecture <span class=\"screen-reader-text\">  Mon Histoire<\/span><span class=\"meta-nav\">&rarr;<\/span><\/a><\/p>\n","protected":false},"author":1,"featured_media":0,"parent":9,"menu_order":0,"comment_status":"closed","ping_status":"closed","template":"","meta":[],"_links":{"self":[{"href":"https:\/\/parcelledevie.fr\/producteur\/wp-json\/wp\/v2\/pages\/717"}],"collection":[{"href":"https:\/\/parcelledevie.fr\/producteur\/wp-json\/wp\/v2\/pages"}],"about":[{"href":"https:\/\/parcelledevie.fr\/producteur\/wp-json\/wp\/v2\/types\/page"}],"author":[{"embeddable":true,"href":"https:\/\/parcelledevie.fr\/producteur\/wp-json\/wp\/v2\/users\/1"}],"replies":[{"embeddable":true,"href":"https:\/\/parcelledevie.fr\/producteur\/wp-json\/wp\/v2\/comments?post=717"}],"version-history":[{"count":14,"href":"https:\/\/parcelledevie.fr\/producteur\/wp-json\/wp\/v2\/pages\/717\/revisions"}],"predecessor-version":[{"id":2624,"href":"https:\/\/parcelledevie.fr\/producteur\/wp-json\/wp\/v2\/pages\/717\/revisions\/2624"}],"up":[{"embeddable":true,"href":"https:\/\/parcelledevie.fr\/producteur\/wp-json\/wp\/v2\/pages\/9"}],"wp:attachment":[{"href":"https:\/\/parcelledevie.fr\/producteur\/wp-json\/wp\/v2\/media?parent=717"}],"curies":[{"name":"wp","href":"https:\/\/api.w.org\/{rel}","templated":true}]}}