{"id":9,"date":"2018-01-09T14:08:30","date_gmt":"2018-01-09T13:08:30","guid":{"rendered":"http:\/\/parcelledevie.fr\/site\/?page_id=9"},"modified":"2019-11-05T07:25:22","modified_gmt":"2019-11-05T06:25:22","slug":"le-potager-au-naturel","status":"publish","type":"page","link":"https:\/\/parcelledevie.fr\/producteur\/","title":{"rendered":"Parcelle de Vie"},"content":{"rendered":"\n<table><tbody>\n<tr width=\"50\"><td><div class=\"wp-block-button aligncenter\"><a class=\"wp-block-button__link has-background has-luminous-vivid-amber-background-color\" href=\"https:\/\/parcelledevie.fr\/producteur\/le-panier-de-saison\/commander-son-panier-de-saison\/\">R\u00e9servez 1 panier de saison<br><\/a><\/div>\n<a href=\"https:\/\/parcelledevie.fr\/producteur\/le-panier-de-saison\/commander-son-panier-de-saison\/\"><img loading=\"lazy\" class=\"wp-image-602 aligncenter\" src=\"https:\/\/parcelledevie.fr\/producteur\/wp-content\/uploads\/2018\/08\/103850931-supermarket-basket-icon-300x300.jpg\" alt=\"\" width=\"160\" height=\"160\"><\/a>\nSouple et Sans Engagement<\/td>\n<td><div class=\"wp-block-button aligncenter\"><a class=\"wp-block-button__link has-background\" style=\"background-color: #99cc00;\" href=\"https:\/\/parcelledevie.fr\/producteur\/le-panier-de-saison\/abonnement-au-panier-de-saison-hebdo\/\">S&rsquo;abonner au panier Hebdo<br><\/a><\/div>\n<a href=\"https:\/\/parcelledevie.fr\/producteur\/le-panier-de-saison\/abonnement-au-panier-de-saison-hebdo\/\"><img class=\"alignnone wp-image-829\" src=\"https:\/\/parcelledevie.fr\/producteur\/wp-content\/uploads\/2019\/05\/panier-abo-kdo.jpg\" alt=\"\" width=\"350\"><\/a>\n<br>Engagement sur 12 semaines\n<\/td>\n<\/tr>\n<tr width=\"50\"><td><div class=\"wp-block-button aligncenter\"><a class=\"wp-block-button__link has-background has-vivid-red-background-color\">Pas de panier Arrivage actuellement<br><\/a>\r\n<\/br>\r\n<\/div><a href=\"https:\/\/parcelledevie.fr\/producteur\/le-panier-de-saison\/le-panier-arrivage\/\"><img src=\"\/producteur\/wp-content\/uploads\/2019\/06\/brouette-de-l\u00e9gumes.jpg\" width=\"250\" alt=\"Panier Arrivage\" class=\"wp-image-602 aligncenter\"\/><\/a><br>Le Panier \u00e0 th\u00e8me<\/td>\n<td><div class=\"wp-block-button aligncenter\"><a class=\"wp-block-button__link has-background has-vivid-red-background-color\">Pas de gaspi actuellement<br><\/a><\/div><a href=\"https:\/\/parcelledevie.fr\/producteur\/le-panier-de-saison\/paniers-anti-gaspi\/\"><img class=\"wp-image-602 aligncenter\" src=\"https:\/\/parcelledevie.fr\/producteur\/wp-content\/uploads\/2019\/03\/anti-gaspi-logo.jpg\" alt=\"Le Panier Anti-Gaspi\" width=\"195\" height=\"195\" \/><\/a>\nEcologique et \u00e9conomique!<\/td><\/tr><\/tbody><\/table>\n\n\n<h2>Une culture Int\u00e9gr\u00e9e 100% Naturelle<\/h2>\n<p>Le concept du potager au naturel est simple, du moment que l&rsquo;on observe et \u00e9tudie le fonctionnement de notre environnement: c&rsquo;est pour ainsi dire la d\u00e9finition du mot \u00e9cologie, la science de notre habitat!<\/p>\n<figure id=\"attachment_29\" aria-describedby=\"caption-attachment-29\" style=\"width: 150px\" class=\"wp-caption alignleft\"><img loading=\"lazy\" class=\"wp-image-29 size-thumbnail\" src=\"https:\/\/parcelledevie.fr\/producteur\/wp-content\/uploads\/2018\/01\/pdv-logo-150x150.jpg\" alt=\"\" width=\"150\" height=\"150\" srcset=\"https:\/\/parcelledevie.fr\/producteur\/wp-content\/uploads\/2018\/01\/pdv-logo-150x150.jpg 150w, https:\/\/parcelledevie.fr\/producteur\/wp-content\/uploads\/2018\/01\/pdv-logo-100x100.jpg 100w, https:\/\/parcelledevie.fr\/producteur\/wp-content\/uploads\/2018\/01\/pdv-logo.jpg 200w\" sizes=\"(max-width: 150px) 100vw, 150px\" \/><figcaption id=\"caption-attachment-29\" class=\"wp-caption-text\">Julien, Parcelle de Vie <a href=\"https:\/\/parcelledevie.fr\/producteur\/le-potager-au-naturel\/mon-histoire\/\">Mon histoire, mon parcours.<\/a><\/figcaption><\/figure>\n<p>\u00ab\u00a0<span style=\"color: #2f7728;\"><em>Je cultive mon potager en favorisant les processus naturels existant de Dame Nature, tout en m&rsquo;appuyant sur la richesse de notre biodiversit\u00e9.<\/em><\/span><br>\n<span style=\"color: #2f7728;\"> <em> La nature est mon alli\u00e9e et mon guide.<\/em><\/span><br>\n<span style=\"color: #2f7728;\"> <em> J&rsquo;obtiens des fruits et l\u00e9gumes sains, d&rsquo;excellente qualit\u00e9 gustative, et riches en nutriments bio-disponibles (vitamines, sels min\u00e9raux, et oligo-\u00e9l\u00e9ments)<\/em>.\u00a0\u00bb<\/span><br>\n<span style=\"color: #339966;\"><span style=\"color: #2f7728;\"><br>\n\u00ab\u00a0<em>Le potager au naturel, c&rsquo;est le Bien-\u00eatre du corps par une alimentation saine et respectueuse du vivan<\/em>t<\/span><\/span>\u00ab\u00a0<\/p>\n<h2>Pr\u00e9sentation en vid\u00e9o<\/h2>\n<p><iframe loading=\"lazy\" src=\"https:\/\/www.youtube.com\/embed\/2Ezk3yIKmkg?controls=0\" allowfullscreen=\"allowfullscreen\" width=\"560\" height=\"315\" frameborder=\"0\"><\/iframe><\/p>\n<p>Pour en savoir plus: <a href=\"https:\/\/parcelledevie.fr\/producteur\/le-potager-au-naturel\/techniques-de-cultures\/\">Les techniques de cultures<\/a><\/p>\n<div align=\"center\"><\/div>\n<h3>\t\r\n    <div class=\"gal-container\" id=\"slgf_707\">\r\n\t\t            <!--get the post id-->\r\n\t\t\t\r\n            <!--Gallery Title-->\r\n\t\t\t                <div class=\"slg_title_class\">\r\n\t\t\t\t\tPotager au naturel, les productions                <\/div>\r\n\t\t\t\r\n            <div class=\"gallery1 lightgallery_707\">\r\n\t\t\t\t\t\t\t\t\t\t<div class=\"col-md-4 col-sm-6 wl-gallery\" data-src=\"https:\/\/parcelledevie.fr\/producteur\/wp-content\/uploads\/2018\/01\/tomtes-anciennes.jpg\" >\r\n\r\n                            <div class=\"img-box-shadow\">\r\n\r\n\t\t\t\t\t\t\t\t                                <a title=\"\" class=\"swipebox_707\"\r\n                                   href=\"https:\/\/parcelledevie.fr\/producteur\/wp-content\/uploads\/2018\/01\/tomtes-anciennes.jpg\">\r\n                                    <div class=\"b-link-stroke b-animate-go\">\r\n                                        <img src=\"https:\/\/parcelledevie.fr\/producteur\/wp-content\/uploads\/2018\/01\/tomtes-anciennes.jpg\" class=\"gall-img-responsive\"\r\n                                             alt=\"\">\r\n                                    <\/div>\r\n                                <\/a>\r\n\r\n                                <!--Gallery Label-->\r\n\t\t\t\t\t\t\t\t                            <\/div>\r\n                        <\/div>\r\n\t\t\t\t\t\t\t\t\t\t\t\t<div class=\"col-md-4 col-sm-6 wl-gallery\" data-src=\"https:\/\/parcelledevie.fr\/producteur\/wp-content\/uploads\/2018\/01\/panier-d\u00e9t\u00e9.jpg\" >\r\n\r\n                            <div class=\"img-box-shadow\">\r\n\r\n\t\t\t\t\t\t\t\t                                <a title=\"\" class=\"swipebox_707\"\r\n                                   href=\"https:\/\/parcelledevie.fr\/producteur\/wp-content\/uploads\/2018\/01\/panier-d\u00e9t\u00e9.jpg\">\r\n                                    <div class=\"b-link-stroke b-animate-go\">\r\n                                        <img src=\"https:\/\/parcelledevie.fr\/producteur\/wp-content\/uploads\/2018\/01\/panier-d\u00e9t\u00e9.jpg\" class=\"gall-img-responsive\"\r\n                                             alt=\"\">\r\n                                    <\/div>\r\n                                <\/a>\r\n\r\n                                <!--Gallery Label-->\r\n\t\t\t\t\t\t\t\t                            <\/div>\r\n                        <\/div>\r\n\t\t\t\t\t\t\t\t\t\t\t\t<div class=\"col-md-4 col-sm-6 wl-gallery\" data-src=\"https:\/\/parcelledevie.fr\/producteur\/wp-content\/uploads\/2018\/01\/panier-l\u00e9gumes-hiver-5.jpg\" >\r\n\r\n                            <div class=\"img-box-shadow\">\r\n\r\n\t\t\t\t\t\t\t\t                                <a title=\"\" class=\"swipebox_707\"\r\n                                   href=\"https:\/\/parcelledevie.fr\/producteur\/wp-content\/uploads\/2018\/01\/panier-l\u00e9gumes-hiver-5.jpg\">\r\n                                    <div class=\"b-link-stroke b-animate-go\">\r\n                                        <img src=\"https:\/\/parcelledevie.fr\/producteur\/wp-content\/uploads\/2018\/01\/panier-l\u00e9gumes-hiver-5.jpg\" class=\"gall-img-responsive\"\r\n                                             alt=\"\">\r\n                                    <\/div>\r\n                                <\/a>\r\n\r\n                                <!--Gallery Label-->\r\n\t\t\t\t\t\t\t\t                            <\/div>\r\n                        <\/div>\r\n\t\t\t\t\t\t\t\t\t\t\t\t<div class=\"col-md-4 col-sm-6 wl-gallery\" data-src=\"https:\/\/parcelledevie.fr\/producteur\/wp-content\/uploads\/2018\/01\/panier3.jpg\" >\r\n\r\n                            <div class=\"img-box-shadow\">\r\n\r\n\t\t\t\t\t\t\t\t                                <a title=\"\" class=\"swipebox_707\"\r\n                                   href=\"https:\/\/parcelledevie.fr\/producteur\/wp-content\/uploads\/2018\/01\/panier3.jpg\">\r\n                                    <div class=\"b-link-stroke b-animate-go\">\r\n                                        <img src=\"https:\/\/parcelledevie.fr\/producteur\/wp-content\/uploads\/2018\/01\/panier3.jpg\" class=\"gall-img-responsive\"\r\n                                             alt=\"\">\r\n                                    <\/div>\r\n                                <\/a>\r\n\r\n                                <!--Gallery Label-->\r\n\t\t\t\t\t\t\t\t                            <\/div>\r\n                        <\/div>\r\n\t\t\t\t\t\t\t\t\t\t\t\t<div class=\"col-md-4 col-sm-6 wl-gallery\" data-src=\"https:\/\/parcelledevie.fr\/producteur\/wp-content\/uploads\/2018\/01\/panier-l\u00e9gumes-hiver-4.jpg\" >\r\n\r\n                            <div class=\"img-box-shadow\">\r\n\r\n\t\t\t\t\t\t\t\t                                <a title=\"\" class=\"swipebox_707\"\r\n                                   href=\"https:\/\/parcelledevie.fr\/producteur\/wp-content\/uploads\/2018\/01\/panier-l\u00e9gumes-hiver-4.jpg\">\r\n                                    <div class=\"b-link-stroke b-animate-go\">\r\n                                        <img src=\"https:\/\/parcelledevie.fr\/producteur\/wp-content\/uploads\/2018\/01\/panier-l\u00e9gumes-hiver-4.jpg\" class=\"gall-img-responsive\"\r\n                                             alt=\"\">\r\n                                    <\/div>\r\n                                <\/a>\r\n\r\n                                <!--Gallery Label-->\r\n\t\t\t\t\t\t\t\t                            <\/div>\r\n                        <\/div>\r\n\t\t\t\t\t\t            <\/div>\r\n\t\t    <\/div>\r\n\r\n    <!-- Swipe Box-->\r\n    <\/h3>\n<h2><strong><span style=\"color: #99cc00;\">Une d\u00e9marche locale<\/span><\/strong><\/h2>\n<p>Une action locale avec une approche globale! Manger local a en effet bien des avantages: cela permet de manger frais et vitamin\u00e9 toute l&rsquo;ann\u00e9e, c&rsquo;est du \u00ab\u00a0<strong>cueilli mang\u00e9<\/strong>\u00a0\u00bb ! Cela d\u00e9veloppe le commerce de proximit\u00e9, cr\u00e9e du lien social, et limite la pollution.<\/p>\n<h2><strong><span style=\"color: #99cc00;\">Des cultures de Saison<\/span><\/strong><\/h2>\n<p>C&rsquo;est un choix n\u00e9cessaire pour une meilleure sant\u00e9! Voici les raisons principales pour <a href=\"https:\/\/parcelledevie.fr\/producteur\/le-potager-au-naturel\/pourquoi-manger-de-saison\/\">manger de saison<\/a>.<\/p>","protected":false},"excerpt":{"rendered":"<p>R\u00e9servez 1 panier de saison Souple et Sans Engagement S&rsquo;abonner au panier Hebdo Engagement sur 12 semaines Le Panier \u00e0 th\u00e8me Ecologique et \u00e9conomique! Une culture Int\u00e9gr\u00e9e 100% Naturelle Le concept du potager au naturel est simple, du moment que <a class=\"more-link\" href=\"https:\/\/parcelledevie.fr\/producteur\/?p=707\">Continuer la lecture <span class=\"screen-reader-text\">  Potager au naturel, les productions<\/span><span class=\"meta-nav\">&rarr;<\/span><\/a><\/p>\n","protected":false},"author":1,"featured_media":0,"parent":0,"menu_order":0,"comment_status":"closed","ping_status":"closed","template":"accueil.php","meta":[],"_links":{"self":[{"href":"https:\/\/parcelledevie.fr\/producteur\/wp-json\/wp\/v2\/pages\/9"}],"collection":[{"href":"https:\/\/parcelledevie.fr\/producteur\/wp-json\/wp\/v2\/pages"}],"about":[{"href":"https:\/\/parcelledevie.fr\/producteur\/wp-json\/wp\/v2\/types\/page"}],"author":[{"embeddable":true,"href":"https:\/\/parcelledevie.fr\/producteur\/wp-json\/wp\/v2\/users\/1"}],"replies":[{"embeddable":true,"href":"https:\/\/parcelledevie.fr\/producteur\/wp-json\/wp\/v2\/comments?post=9"}],"version-history":[{"count":32,"href":"https:\/\/parcelledevie.fr\/producteur\/wp-json\/wp\/v2\/pages\/9\/revisions"}],"predecessor-version":[{"id":1760,"href":"https:\/\/parcelledevie.fr\/producteur\/wp-json\/wp\/v2\/pages\/9\/revisions\/1760"}],"wp:attachment":[{"href":"https:\/\/parcelledevie.fr\/producteur\/wp-json\/wp\/v2\/media?parent=9"}],"curies":[{"name":"wp","href":"https:\/\/api.w.org\/{rel}","templated":true}]}}